{"id":248,"date":"2016-04-02T16:23:48","date_gmt":"2016-04-02T14:23:48","guid":{"rendered":"http:\/\/bahema-multitravaux.fr\/?page_id=248"},"modified":"2025-02-20T10:51:00","modified_gmt":"2025-02-20T09:51:00","slug":"chauffage","status":"publish","type":"page","link":"http:\/\/bahema-multitravaux.fr\/?page_id=248","title":{"rendered":"chauffage"},"content":{"rendered":"<section id=\"builder-section-1459606853123\" class=\"builder-section-first builder-section builder-section-gallery builder-section-last builder-gallery-columns-3 builder-gallery-captions-overlay builder-gallery-captions-light builder-gallery-aspect-square\" style=\"background-repeat: repeat;background-position: center center;\">\n<div class=\"builder-section-content\">\n<div class=\"builder-gallery-item \">\n<figure class=\"builder-gallery-image\" style=\"background-image: url(&#039;http:\/\/bahema-multitravaux.fr\/wp-content\/uploads\/2016\/04\/DSCF1769-1024x768.jpg&#039;);\"><\/figure>\n<div class=\"builder-gallery-content\">\n<div class=\"builder-gallery-content-inner\">\n<div class=\"builder-gallery-description\">\n<p>Installation d&rsquo;une chaudi\u00e8re \u00e0 granul\u00e9s de bois \u00e0 la place d&rsquo;une chaudi\u00e8re fioul\u00a0<\/p>\n<p>\u00a0<\/p>\n<\/p><\/div>\n<\/p><\/div>\n<\/p><\/div>\n<\/p><\/div>\n<div class=\"builder-gallery-item \">\n<figure class=\"builder-gallery-image\" style=\"background-image: url(&#039;http:\/\/bahema-multitravaux.fr\/wp-content\/uploads\/2016\/04\/DSCF1230-768x1024.jpg&#039;);\"><\/figure>\n<div class=\"builder-gallery-content\">\n<div class=\"builder-gallery-content-inner\">\n<div class=\"builder-gallery-description\">\n<p>chaudi\u00e8re fioul \u00e0 condensation<\/p>\n<\/p><\/div>\n<\/p><\/div>\n<\/p><\/div>\n<\/p><\/div>\n<div class=\"builder-gallery-item  last-3\">\n<figure class=\"builder-gallery-image\" style=\"background-image: url(&#039;http:\/\/bahema-multitravaux.fr\/wp-content\/uploads\/2016\/04\/DSCF1758-768x1024.jpg&#039;);\"><\/figure>\n<div class=\"builder-gallery-content\">\n<div class=\"builder-gallery-content-inner\">\n<div class=\"builder-gallery-description\">\n<p>syst\u00e8me de VMC double flux avec chauffage de l&rsquo;eau sanitaire<\/p>\n<p>\u00a0<\/p>\n<\/p><\/div>\n<\/p><\/div>\n<\/p><\/div>\n<\/p><\/div>\n<div class=\"builder-gallery-item \">\n<figure class=\"builder-gallery-image\" style=\"background-image: url(&#039;http:\/\/bahema-multitravaux.fr\/wp-content\/uploads\/2016\/04\/DSCF1895-1024x768.jpg&#039;);\"><\/figure>\n<div class=\"builder-gallery-content\">\n<div class=\"builder-gallery-content-inner\">\n<div class=\"builder-gallery-description\">\n<p>chaudi\u00e8re \u00e0 granul\u00e9s de bois de coupl\u00e9 \u00e0 un chauffe eau solaire<\/p>\n<p>\u00a0<\/p>\n<\/p><\/div>\n<\/p><\/div>\n<\/p><\/div>\n<\/p><\/div>\n<div class=\"builder-gallery-item \">\n<figure class=\"builder-gallery-image\" style=\"background-image: url(&#039;http:\/\/bahema-multitravaux.fr\/wp-content\/uploads\/2016\/04\/DSCF1883-1024x768.jpg&#039;);\"><\/figure>\n<div class=\"builder-gallery-content\">\n<div class=\"builder-gallery-content-inner\">\n<div class=\"builder-gallery-description\">\n<p>stockage des granul\u00e9s dans un silo textile<\/p>\n<p>\u00a0<\/p>\n<\/p><\/div>\n<\/p><\/div>\n<\/p><\/div>\n<\/p><\/div>\n<\/p><\/div>\n<\/section>\n","protected":false},"excerpt":{"rendered":"<p>Installation d&rsquo;une chaudi\u00e8re \u00e0 granul\u00e9s de bois \u00e0 la place d&rsquo;une chaudi\u00e8re fioul\u00a0 \u00a0 chaudi\u00e8re fioul \u00e0 condensation syst\u00e8me de VMC double flux avec chauffage de l&rsquo;eau sanitaire \u00a0 chaudi\u00e8re \u00e0 granul\u00e9s de bois de coupl\u00e9 \u00e0 un chauffe eau solaire \u00a0 stockage des granul\u00e9s dans un silo textile \u00a0<\/p>\n","protected":false},"author":1,"featured_media":0,"parent":68,"menu_order":2,"comment_status":"closed","ping_status":"closed","template":"template-builder.php","meta":{"footnotes":""},"class_list":["post-248","page","type-page","status-publish","hentry"],"_links":{"self":[{"href":"http:\/\/bahema-multitravaux.fr\/index.php?rest_route=\/wp\/v2\/pages\/248","targetHints":{"allow":["GET"]}}],"collection":[{"href":"http:\/\/bahema-multitravaux.fr\/index.php?rest_route=\/wp\/v2\/pages"}],"about":[{"href":"http:\/\/bahema-multitravaux.fr\/index.php?rest_route=\/wp\/v2\/types\/page"}],"author":[{"embeddable":true,"href":"http:\/\/bahema-multitravaux.fr\/index.php?rest_route=\/wp\/v2\/users\/1"}],"replies":[{"embeddable":true,"href":"http:\/\/bahema-multitravaux.fr\/index.php?rest_route=%2Fwp%2Fv2%2Fcomments&post=248"}],"version-history":[{"count":6,"href":"http:\/\/bahema-multitravaux.fr\/index.php?rest_route=\/wp\/v2\/pages\/248\/revisions"}],"predecessor-version":[{"id":705,"href":"http:\/\/bahema-multitravaux.fr\/index.php?rest_route=\/wp\/v2\/pages\/248\/revisions\/705"}],"up":[{"embeddable":true,"href":"http:\/\/bahema-multitravaux.fr\/index.php?rest_route=\/wp\/v2\/pages\/68"}],"wp:attachment":[{"href":"http:\/\/bahema-multitravaux.fr\/index.php?rest_route=%2Fwp%2Fv2%2Fmedia&parent=248"}],"curies":[{"name":"wp","href":"https:\/\/api.w.org\/{rel}","templated":true}]}}