{"id":322,"date":"2017-06-15T17:51:26","date_gmt":"2017-06-15T15:51:26","guid":{"rendered":"http:\/\/bahema-multitravaux.fr\/?page_id=322"},"modified":"2025-01-06T13:32:43","modified_gmt":"2025-01-06T12:32:43","slug":"chauffe-eau-solaire-individuel","status":"publish","type":"page","link":"http:\/\/bahema-multitravaux.fr\/?page_id=322","title":{"rendered":"Chauffe-Eau Solaire Individuel"},"content":{"rendered":"<section id=\"builder-section-1488894573894\" class=\"builder-section builder-section-first builder-section-banner builder-section-last\">\n<h3 class=\"builder-section-content\"><img loading=\"lazy\" decoding=\"async\" class=\"alignnone size-full wp-image-676\" src=\"http:\/\/bahema-multitravaux.fr\/wp-content\/uploads\/2025\/01\/bandeau-2025-qualisol.png\" alt=\"\" width=\"1166\" height=\"143\" srcset=\"http:\/\/bahema-multitravaux.fr\/wp-content\/uploads\/2025\/01\/bandeau-2025-qualisol.png 1166w, http:\/\/bahema-multitravaux.fr\/wp-content\/uploads\/2025\/01\/bandeau-2025-qualisol-300x37.png 300w, http:\/\/bahema-multitravaux.fr\/wp-content\/uploads\/2025\/01\/bandeau-2025-qualisol-1024x126.png 1024w, http:\/\/bahema-multitravaux.fr\/wp-content\/uploads\/2025\/01\/bandeau-2025-qualisol-768x94.png 768w\" sizes=\"auto, (max-width: 1166px) 100vw, 1166px\" \/>\u00a0 \u00a0 \u00a0 \u00a0 \u00a0 \u00a0 \u00a0 \u00a0<span style=\"font-size: 2.8rem;\">\u00a0 \u00a0 \u00a0 \u00a0 \u00a0<\/span><\/h3>\n<h3 class=\"builder-section-content\">Utilisez une \u00e9nergie propre, gratuite et in\u00e9puisable : le soleil !<\/h3>\n<\/section>\n<p class=\"builder-section-content\">R\u00e9cup\u00e9rez la chaleur fournie par le rayonnement solaire pour chauffer votre eau sanitaire.<\/p>\n<p><img loading=\"lazy\" decoding=\"async\" class=\"wp-image-475 alignright\" src=\"http:\/\/bahema-multitravaux.fr\/wp-content\/uploads\/2019\/04\/CESI-auto.png\" alt=\"\" width=\"153\" height=\"391\" srcset=\"http:\/\/bahema-multitravaux.fr\/wp-content\/uploads\/2019\/04\/CESI-auto.png 230w, http:\/\/bahema-multitravaux.fr\/wp-content\/uploads\/2019\/04\/CESI-auto-117x300.png 117w\" sizes=\"auto, (max-width: 153px) 100vw, 153px\" \/><\/p>\n<p class=\"builder-section-content\">Couplez votre chauffe-eau solaire individuel \u00e0 une chaudi\u00e8re \u00e0 condensation et optimisez vos \u00e9conomies !<\/p>\n<div class=\"builder-section-content\"><img loading=\"lazy\" decoding=\"async\" class=\"wp-image-344 alignright\" src=\"http:\/\/bahema-multitravaux.fr\/wp-content\/uploads\/2017\/03\/CESI.jpg\" alt=\"\" width=\"311\" height=\"202\" srcset=\"http:\/\/bahema-multitravaux.fr\/wp-content\/uploads\/2017\/03\/CESI.jpg 500w, http:\/\/bahema-multitravaux.fr\/wp-content\/uploads\/2017\/03\/CESI-300x195.jpg 300w\" sizes=\"auto, (max-width: 311px) 100vw, 311px\" \/><\/div>\n<p>&nbsp;<\/p>\n<p>Syst\u00e8me autovidangeable, sans glycol, ou<br \/>\nsyst\u00e8me avec fluide caloporteur,<br \/>\nDidier et Lydie H\u00e9madou vous conseilleront pour choisir la solution adapt\u00e9e \u00e0 votre configuration.<\/p>\n<p>&nbsp;<\/p>\n<p>&nbsp;<\/p>\n<p>Nous travaillons avec le fabricant <a href=\"https:\/\/www.heliofrance.fr\">H\u00e9liofrance<\/a> qui con\u00e7oit et produit l&rsquo;ensemble des composants en France.<\/p>\n<p class=\"builder-section-content\">N&rsquo;h\u00e9sitez pas \u00e0 contacter Aleksei ou Sasha pour l&rsquo;\u00e9tude et l&rsquo;installation de votre CESI, vous b\u00e9n\u00e9ficierez du taux de TVA r\u00e9duit \u00e0 5,5%, de la prime au titre des certificats d&rsquo;\u00e9conomie d&rsquo;\u00e9nergie et selon vos revenus de MaPrimeR\u00e9nov&rsquo;<\/p>\n","protected":false},"excerpt":{"rendered":"<p>\u00a0 \u00a0 \u00a0 \u00a0 \u00a0 \u00a0 \u00a0 \u00a0\u00a0 \u00a0 \u00a0 \u00a0 \u00a0 Utilisez une \u00e9nergie propre, gratuite et in\u00e9puisable : le soleil ! R\u00e9cup\u00e9rez la chaleur fournie par le rayonnement solaire pour chauffer votre eau sanitaire. Couplez votre chauffe-eau solaire individuel \u00e0 une chaudi\u00e8re \u00e0 condensation et optimisez vos \u00e9conomies ! &nbsp; Syst\u00e8me autovidangeable, sans &hellip;<\/p>\n","protected":false},"author":1,"featured_media":0,"parent":7,"menu_order":15,"comment_status":"closed","ping_status":"closed","template":"","meta":{"footnotes":""},"class_list":["post-322","page","type-page","status-publish","hentry"],"_links":{"self":[{"href":"http:\/\/bahema-multitravaux.fr\/index.php?rest_route=\/wp\/v2\/pages\/322","targetHints":{"allow":["GET"]}}],"collection":[{"href":"http:\/\/bahema-multitravaux.fr\/index.php?rest_route=\/wp\/v2\/pages"}],"about":[{"href":"http:\/\/bahema-multitravaux.fr\/index.php?rest_route=\/wp\/v2\/types\/page"}],"author":[{"embeddable":true,"href":"http:\/\/bahema-multitravaux.fr\/index.php?rest_route=\/wp\/v2\/users\/1"}],"replies":[{"embeddable":true,"href":"http:\/\/bahema-multitravaux.fr\/index.php?rest_route=%2Fwp%2Fv2%2Fcomments&post=322"}],"version-history":[{"count":39,"href":"http:\/\/bahema-multitravaux.fr\/index.php?rest_route=\/wp\/v2\/pages\/322\/revisions"}],"predecessor-version":[{"id":680,"href":"http:\/\/bahema-multitravaux.fr\/index.php?rest_route=\/wp\/v2\/pages\/322\/revisions\/680"}],"up":[{"embeddable":true,"href":"http:\/\/bahema-multitravaux.fr\/index.php?rest_route=\/wp\/v2\/pages\/7"}],"wp:attachment":[{"href":"http:\/\/bahema-multitravaux.fr\/index.php?rest_route=%2Fwp%2Fv2%2Fmedia&parent=322"}],"curies":[{"name":"wp","href":"https:\/\/api.w.org\/{rel}","templated":true}]}}